{"id":27,"date":"2016-04-17T11:24:02","date_gmt":"2016-04-17T11:24:02","guid":{"rendered":"http:\/\/alashipnosis.es\/wp\/?page_id=27"},"modified":"2024-05-13T21:12:13","modified_gmt":"2024-05-13T20:12:13","slug":"inicio","status":"publish","type":"page","link":"https:\/\/alashipnosis.es\/wp\/","title":{"rendered":"Inicio"},"content":{"rendered":"<h3 style=\"text-align: center;\"><strong><span style=\"color: #8264a3;\">\u00bfDeseas sentirte bien contigo misma?<\/span><\/strong><\/h3>\n<h3 style=\"text-align: center;\"><span style=\"color: #8264a3;\">\u00bfSientes que tu vida no va hacia dOnde t\u00fa quieres?<\/span><\/h3>\n<h3 style=\"text-align: center;\"><span style=\"color: #8264a3;\">\u00bfTus emociones te superan?<\/span><\/h3>\n<h2><img loading=\"lazy\" decoding=\"async\" class=\"aligncenter size-full wp-image-2080\" src=\"https:\/\/alashipnosis.es\/wp\/wp-content\/uploads\/2024\/02\/PIXNIO-202891-scaled.jpg\" alt=\"\" width=\"2560\" height=\"1458\" srcset=\"https:\/\/alashipnosis.es\/wp\/wp-content\/uploads\/2024\/02\/PIXNIO-202891-scaled.jpg 2560w, https:\/\/alashipnosis.es\/wp\/wp-content\/uploads\/2024\/02\/PIXNIO-202891-300x171.jpg 300w, https:\/\/alashipnosis.es\/wp\/wp-content\/uploads\/2024\/02\/PIXNIO-202891-1024x583.jpg 1024w, https:\/\/alashipnosis.es\/wp\/wp-content\/uploads\/2024\/02\/PIXNIO-202891-768x437.jpg 768w, https:\/\/alashipnosis.es\/wp\/wp-content\/uploads\/2024\/02\/PIXNIO-202891-1536x875.jpg 1536w, https:\/\/alashipnosis.es\/wp\/wp-content\/uploads\/2024\/02\/PIXNIO-202891-2048x1166.jpg 2048w, https:\/\/alashipnosis.es\/wp\/wp-content\/uploads\/2024\/02\/PIXNIO-202891-667x380.jpg 667w\" sizes=\"auto, (max-width: 2560px) 100vw, 2560px\" \/><\/h2>\n<p style=\"text-align: justify;\">En <span style=\"color: #8a68ab;\"><strong>ALAS HIPNOSIS <\/strong><\/span>puedo ayudarte. Conseguir\u00e1s recuperar el equilibrio en tu vida, en tu cuerpo, tus pensamientos y emociones. Lograr\u00e1s superar las circunstancias de tu pasado que te impiden llevar la vida que deseas. Y te sentir\u00e1s bien contigo misma.<\/p>\n<p style=\"text-align: center;\"><span style=\"color: #8264a3;\">&#x2665; <strong>Permite que la ilusi\u00f3n se instale en tu vida<\/strong> &#x2665;<\/span><\/p>\n<h1 style=\"text-align: center;\"><a href=\"tel:+34602931234\"><span style=\"color: #666699; background: #9583bc; border-image: initial; border: 0px solid blue;\"><span style=\"color: #ffffff;\">\u00a0 LLAMA YA AQU\u00cd<\/span>\u00a0<\/span><\/a><\/h1>\n<p style=\"text-align: justify;\">La Hipnosis es una t\u00e9cnica natural alternativa, una <span style=\"color: #8264a3;\"><strong>r\u00e1pida y\u00a0<\/strong><strong><span style=\"color: #8264a3;\">e<\/span>ficaz herramienta<\/strong><\/span> de gran ayuda para lograr tu bienestar. Explora esta p\u00e1gina y con\u00f3ceme.<\/p>\n<h2 style=\"text-align: center;\">LA HIPNOSIS PROFESIONAL, AHORA A TU ALCANCE<\/h2>\n<p style=\"text-align: center;\">Cons\u00faltame tu caso, resolver\u00e1s tus dudas y te asesorar\u00e9. Podemos concertar una cita por tel\u00e9fono o por v\u00eddeollamada, seg\u00fan tus preferencias.<\/p>\n<p><span style=\"color: #333399;\"><strong><span style=\"color: #8264a3;\">SESIONES EN L\u00cdNEA:<\/span><\/strong><\/span> aprovecha esta ocasi\u00f3n para probar la Hipnosis desde tu casa, en la comodidad de tu hogar, \u00a1te va a encantar!<\/p>\n<p><span style=\"color: #333399;\"><strong><span style=\"color: #8264a3;\">SESIONES A DOMICILIO:<\/span><\/strong><\/span> en tu ambiente, con total seguridad y aplicando las m\u00e1s modernas t\u00e9cnicas para el control de tus constantes vitales.<\/p>\n<hr \/>\n<p><span style=\"color: #8264a3;\"><strong>QU\u00c9 DICEN MIS CLIENTES:<\/strong><\/span><\/p>\n<p style=\"text-align: justify;\">\u00abGran profesional, transparente, trato cercano, leal, la recomiendo al 200%.\u00bb Mila Ayll\u00f3n<\/p>\n<p style=\"text-align: justify;\">\u00abPara mi, fue una experiencia muy satisfactoria. Con tu voz y tu m\u00e9todo logr\u00e9 una relajaci\u00f3n profunda. Tras las sesiones, s\u00e9 que algo ha cambiado en m\u00ed, en la forma de afrontar las cosas.<br \/>\nEs como que viera un lado positivo, para cosas en las que me costaba mucho verlo.<br \/>\nAs\u00ed que gracias por tu disponibilidad y formidable trato, en las que fueron, las primeras sesiones de hipnosis de mi vida con un resultado satisfactorio. S\u00f3lo puedo volver a darte las gracias y a animarte en este campo. S\u00e9 que tienes un valor especial y que ser\u00e1 cada vez m\u00e1s importante en los resultados.\u00bb Isaac Sierra<\/p>\n<p style=\"text-align: justify;\">\u00abMuchas gracias por haberme ayudado todo este tiempo, s\u00e9 que a\u00fan estoy en proceso, pero me siento m\u00e1s feliz y m\u00e1s fuerte que nunca y s\u00e9 que esto ha sido, en parte, gracias a ti, a ese empuj\u00f3n que necesitaba. Much\u00edsimas gracias por haber sido profesional y amiga. No cambies nunca tu manera de ayudar a la gente. Gracias &#x2665;\u00bb Mar\u00eda<\/p>\n<p style=\"text-align: justify;\">\u00abPara mi la hipnosis era algo esperanzador, por lo que las expectativas eran muy altas. Me cost\u00f3 aprender a relajarme, pues mi cabeza siempre esta funcionando, pero al final se consigue. Hay quien necesita dos sesiones y hay quien necesita cinco, pues eso no importa, lo que importa es el resultado. En resumen, recomiendo la experiencia con la hipnosis, ayuda a encontrarte a ti mismo.\u00bb Vanesa<\/p>\n<hr \/>\n<h3 style=\"text-align: center;\"><span style=\"color: #8a68ab;\"><strong>Pide tu cita y conoce de primera mano lo que la Hipnosis puede hacer por ti<\/strong><\/span><\/h3>\n<hr \/>\n<h1 style=\"text-align: center;\"><img loading=\"lazy\" decoding=\"async\" class=\"alignnone\" src=\"https:\/\/alashipnosis.es\/wp\/wp-content\/uploads\/2019\/12\/telmorado-1.png\" alt=\"\" width=\"35\" height=\"35\" \/> <span style=\"color: #333399;\"><span style=\"color: #ffffff; border-image: initial; border: 0px solid #8264a3;\">\u00a0<\/span><a style=\"color: #333399; background: #9583bc;\" href=\"TEL:+34602931234\"><span style=\"color: #ffffff; border-image: initial; border: 0px solid #8264a3;\"> 602 931 234\u00a0\u00a0<\/span><\/a><\/span><\/h1>\n<h3 style=\"text-align: center;\"><img loading=\"lazy\" decoding=\"async\" class=\"wp-image-775\" src=\"https:\/\/alashipnosis.es\/wp\/wp-content\/uploads\/2019\/12\/wpid-whatsapp-tzm-1.png-1.png\" alt=\"\" width=\"35\" height=\"35\" srcset=\"https:\/\/alashipnosis.es\/wp\/wp-content\/uploads\/2019\/12\/wpid-whatsapp-tzm-1.png-1.png 296w, https:\/\/alashipnosis.es\/wp\/wp-content\/uploads\/2019\/12\/wpid-whatsapp-tzm-1.png-1-150x150.png 150w, https:\/\/alashipnosis.es\/wp\/wp-content\/uploads\/2019\/12\/wpid-whatsapp-tzm-1.png-1-90x90.png 90w\" sizes=\"auto, (max-width: 35px) 100vw, 35px\" \/><span style=\"color: #8264a3;\"><a style=\"color: #8264a3;\" href=\"https:\/\/api.whatsapp.com\/send?phone=34602931234&amp;text=Hola, quiero informaci\u00f3n sobre Hipnosis Profesional en Soria\" target=\"_blank\" rel=\"noopener noreferrer\">\u00a0informaci\u00f3n por whatsapp<\/a><\/span><\/h3>\n<h3 style=\"text-align: center;\">CORREO ELECTR\u00d3NICO:<span style=\"color: #916db5;\"><a style=\"color: #916db5;\" href=\"mailto:mariacruz@alashipnosis.es\" target=\"_blank\" rel=\"noopener noreferrer\">\u00a0mariacruz@alashipnosis.es<\/a><\/span><\/h3>\n<p style=\"text-align: center;\"><strong><span style=\"color: #8264a3;\"><a style=\"color: #8264a3;\" href=\"https:\/\/alashipnosis.es\/wp\/contacto\/\" target=\"_blank\" rel=\"noopener noreferrer\">https:\/\/alashipnosis.es\/wp\/contacto\/<\/a><\/span><\/strong><\/p>\n<hr \/>\n<h3 style=\"text-align: center;\">\u00bfTE GUSTA MI TRABAJO?<\/h3>\n<h4 style=\"text-align: center;\"><span style=\"color: #8462a3;\"><strong>Regala mis servicios\u00a0<\/strong><\/span><\/h4>\n<p style=\"text-align: center;\">Te lo agradecer\u00e1n. <span style=\"color: #f25b73;\"><strong><a style=\"color: #f25b73;\" href=\"https:\/\/alashipnosis.es\/wp\/contacto\/\">Contacta aqu\u00ed.<\/a><\/strong><\/span><\/p>\n<p>&nbsp;<\/p>\n<p>Las t\u00e9cnicas aqu\u00ed desarrolladas son herramientas complementarias que NO sustituyen a ning\u00fan tratamiento m\u00e9dico, y ayudan a obtener una mejor calidad de vida.<\/p>\n","protected":false},"excerpt":{"rendered":"<p>\u00bfDeseas sentirte bien contigo misma? \u00bfSientes que tu vida no va hacia dOnde t\u00fa quieres? \u00bfTus emociones te superan? En ALAS HIPNOSIS puedo ayudarte. Conseguir\u00e1s recuperar el equilibrio en tu vida, en tu cuerpo, tus pensamientos y emociones. Lograr\u00e1s superar las circunstancias de tu pasado que te impiden llevar la vida que deseas. Y te &hellip; <a href=\"https:\/\/alashipnosis.es\/wp\/\" class=\"more-link\">Seguir leyendo <span class=\"screen-reader-text\">Inicio<\/span><\/a><\/p>\n","protected":false},"author":1,"featured_media":0,"parent":0,"menu_order":1,"comment_status":"closed","ping_status":"closed","template":"page-templates\/full-width-page.php","meta":{"footnotes":""},"class_list":["post-27","page","type-page","status-publish","hentry","without-featured-image"],"jetpack_shortlink":"https:\/\/wp.me\/P7s9Sv-r","jetpack_sharing_enabled":true,"_links":{"self":[{"href":"https:\/\/alashipnosis.es\/wp\/wp-json\/wp\/v2\/pages\/27","targetHints":{"allow":["GET"]}}],"collection":[{"href":"https:\/\/alashipnosis.es\/wp\/wp-json\/wp\/v2\/pages"}],"about":[{"href":"https:\/\/alashipnosis.es\/wp\/wp-json\/wp\/v2\/types\/page"}],"author":[{"embeddable":true,"href":"https:\/\/alashipnosis.es\/wp\/wp-json\/wp\/v2\/users\/1"}],"replies":[{"embeddable":true,"href":"https:\/\/alashipnosis.es\/wp\/wp-json\/wp\/v2\/comments?post=27"}],"version-history":[{"count":122,"href":"https:\/\/alashipnosis.es\/wp\/wp-json\/wp\/v2\/pages\/27\/revisions"}],"predecessor-version":[{"id":2122,"href":"https:\/\/alashipnosis.es\/wp\/wp-json\/wp\/v2\/pages\/27\/revisions\/2122"}],"wp:attachment":[{"href":"https:\/\/alashipnosis.es\/wp\/wp-json\/wp\/v2\/media?parent=27"}],"curies":[{"name":"wp","href":"https:\/\/api.w.org\/{rel}","templated":true}]}}