{"id":1968,"date":"2024-02-02T22:26:57","date_gmt":"2024-02-02T21:26:57","guid":{"rendered":"https:\/\/alashipnosis.es\/wp\/?page_id=1968"},"modified":"2024-03-15T10:13:55","modified_gmt":"2024-03-15T09:13:55","slug":"manifestacion-consciente","status":"publish","type":"page","link":"https:\/\/alashipnosis.es\/wp\/manifestacion-consciente\/","title":{"rendered":"Manifestaci\u00f3n Consciente"},"content":{"rendered":"<h6 style=\"text-align: left;\"><span style=\"color: #7a5c99;\">qu\u00e9 es la manifestaci\u00f3n consciente<\/span><\/h6>\n<p style=\"text-align: center;\">\u00bfAlguna vez has deseado algo con todas tus fuerzas y se ha cumplido?<\/p>\n<p style=\"text-align: center;\">\u00bfTe has preguntado por qu\u00e9 no se materializan tus sue\u00f1os?<\/p>\n<p style=\"text-align: center;\">\u00bfQuieres saber por qu\u00e9 todas las desgracias vienen juntas?<\/p>\n<p><img loading=\"lazy\" decoding=\"async\" class=\"aligncenter wp-image-1972 size-medium\" title=\"Wish list icons created by tulpahn - Flaticon\" src=\"https:\/\/alashipnosis.es\/wp\/wp-content\/uploads\/2024\/02\/wish-300x300.png\" alt=\"\" width=\"300\" height=\"300\" srcset=\"https:\/\/alashipnosis.es\/wp\/wp-content\/uploads\/2024\/02\/wish-300x300.png 300w, https:\/\/alashipnosis.es\/wp\/wp-content\/uploads\/2024\/02\/wish-150x150.png 150w, https:\/\/alashipnosis.es\/wp\/wp-content\/uploads\/2024\/02\/wish-90x90.png 90w, https:\/\/alashipnosis.es\/wp\/wp-content\/uploads\/2024\/02\/wish-380x380.png 380w, https:\/\/alashipnosis.es\/wp\/wp-content\/uploads\/2024\/02\/wish.png 512w\" sizes=\"auto, (max-width: 300px) 100vw, 300px\" \/><\/p>\n<p style=\"text-align: justify;\">Si has o\u00eddo hablar de la <strong>MANIFESTACI\u00d3N CONSCIENTE<\/strong> pero no tienes muy claro qu\u00e9 significa, te lo cuento aqu\u00ed.<\/p>\n<p style=\"text-align: justify;\">La <strong>MANIFESTACI\u00d3N CONSCIENTE<\/strong> es el proceso de materializar tus deseos en la vida real, el cumplimiento de tus sue\u00f1os.<\/p>\n<h6 style=\"text-align: left;\"><span style=\"color: #7a5c99;\">pensamientos y energ\u00eda<\/span><\/h6>\n<p><img loading=\"lazy\" decoding=\"async\" class=\"aligncenter wp-image-1986 size-medium\" title=\"Energy icons created by Freepik - Flaticon\" src=\"https:\/\/alashipnosis.es\/wp\/wp-content\/uploads\/2024\/02\/energy-300x300.png\" alt=\"\" width=\"300\" height=\"300\" srcset=\"https:\/\/alashipnosis.es\/wp\/wp-content\/uploads\/2024\/02\/energy-300x300.png 300w, https:\/\/alashipnosis.es\/wp\/wp-content\/uploads\/2024\/02\/energy-150x150.png 150w, https:\/\/alashipnosis.es\/wp\/wp-content\/uploads\/2024\/02\/energy-90x90.png 90w, https:\/\/alashipnosis.es\/wp\/wp-content\/uploads\/2024\/02\/energy-380x380.png 380w, https:\/\/alashipnosis.es\/wp\/wp-content\/uploads\/2024\/02\/energy.png 512w\" sizes=\"auto, (max-width: 300px) 100vw, 300px\" \/><\/p>\n<p style=\"text-align: justify;\">Es posible que te haya sucedido alguna vez que te est\u00e1s preparando intensamente para un examen y cuando llega el momento te sale fatal, o te quedas en blanco, y al final, despu\u00e9s de todo el trabajo previo, suspendes y no entiendes qu\u00e9 ha pasado, ni c\u00f3mo, ni por qu\u00e9. Ibas muy bien preparada, todo ten\u00eda que salir bien.<\/p>\n<p style=\"text-align: justify;\">O quiz\u00e1s est\u00e1s buscando trabajo y, a pesar de tener una excelente formaci\u00f3n, no llega ninguna oferta satisfactoria. Y te preguntas por qu\u00e9, sin saber qu\u00e9 sucede, un d\u00eda y otro d\u00eda\u2026<\/p>\n<p style=\"text-align: justify;\">En este mundo <strong>todo es energ\u00eda<\/strong>. Vivimos inmersos en un mar de ondas electromagn\u00e9ticas que nos rodean y nos atraviesan.<\/p>\n<p style=\"text-align: justify;\">Todos nuestros pensamientos, emociones y deseos tambi\u00e9n son energ\u00eda, y como tal, <strong>emitimos energ\u00eda cada vez que pensamos o sentimos algo<\/strong>. Esta energ\u00eda se expande hacia afuera, afectando a todo lo que nos rodea.<\/p>\n<p style=\"text-align: justify;\">Pero\u2026 \u00bfqu\u00e9 pasa con esa energ\u00eda? \u00bfa d\u00f3nde va? La energ\u00eda que emitimos se mezcla con la energ\u00eda exterior que nos rodea y seg\u00fan su intensidad y vibraci\u00f3n va a afectar al universo, a nuestra vida y a nuestra existencia.<\/p>\n<p>Si nuestros deseos se lanzan al espacio y afectan a todo\u2026 \u00bfpor qu\u00e9 no se cumplen siempre?<\/p>\n<p style=\"text-align: justify;\">Buena pregunta. Todos tenemos <strong>deseos conscientes<\/strong> y tambi\u00e9n <strong>pensamientos y emociones subconscientes<\/strong>. Puedo desear conscientemente ser una estrella del rock y ser capaz de imaginarme triunfando en un concierto, cumpliendo mi deseo. Pero si a nivel subconsciente pienso que no estoy preparada, que me da verg\u00fcenza salir a un escenario y cantar, que no voy a ser capaz\u2026 Nunca conseguir\u00e9 que mi deseo se haga realidad.<\/p>\n<p style=\"text-align: justify;\">Adivina por qu\u00e9\u2026 Como hemos dicho, todos tus pensamientos, emociones y deseos son energ\u00eda, tambi\u00e9n los SUBCONSCIENTES. As\u00ed que mientras mis deseos conscientes est\u00e9n en conflicto con mis pensamientos y emociones subconscientes, sus energ\u00edas se anulan y no lograr\u00e9 materializar mis deseos.<\/p>\n<h6 style=\"text-align: left;\"><span style=\"color: #7a5c99;\">todas las desgracias vienen juntas<\/span><\/h6>\n<p><img loading=\"lazy\" decoding=\"async\" class=\"wp-image-1970 size-medium alignright\" title=\"Bad luck icons created by Parzival\u2019 1997 - Flaticon\" src=\"https:\/\/alashipnosis.es\/wp\/wp-content\/uploads\/2024\/02\/sadness-300x300.png\" alt=\"\" width=\"300\" height=\"300\" srcset=\"https:\/\/alashipnosis.es\/wp\/wp-content\/uploads\/2024\/02\/sadness-300x300.png 300w, https:\/\/alashipnosis.es\/wp\/wp-content\/uploads\/2024\/02\/sadness-150x150.png 150w, https:\/\/alashipnosis.es\/wp\/wp-content\/uploads\/2024\/02\/sadness-90x90.png 90w, https:\/\/alashipnosis.es\/wp\/wp-content\/uploads\/2024\/02\/sadness-380x380.png 380w, https:\/\/alashipnosis.es\/wp\/wp-content\/uploads\/2024\/02\/sadness.png 512w\" sizes=\"auto, (max-width: 300px) 100vw, 300px\" \/><\/p>\n<p>\u00bfCu\u00e1ntas veces has o\u00eddo esa frase? \u00bfTe has preguntado por qu\u00e9 sucede?<\/p>\n<p style=\"text-align: justify;\">Cuando nos sucede algo desagradable, que veamos como una desgracia, generalmente entramos en el miedo (a perder algo, a sufrir\u2026). Esta emoci\u00f3n nos hace pensar en otras posibles desgracias y lo normal es que nuestra mente \u201cse prepare\u201d por si algo peor nos ocurriera. Y a nivel subconsciente, tambi\u00e9n. El miedo es una emoci\u00f3n que se propaga de forma r\u00e1pida y nos invade f\u00e1cilmente.<\/p>\n<p style=\"text-align: justify;\">Y con el miedo a cuestas, emitimos miedo como energ\u00eda principal a nivel consciente y subconsciente y, claro, creamos m\u00e1s desgracias. Y as\u00ed llega una tras otra\u2026 Y se cumple el refr\u00e1n.<\/p>\n<p style=\"text-align: justify;\">La buena noticia es que esto <strong>funciona igual con el resto de emociones<\/strong>. Si te sientes esperanzado, en plenitud, confiado en que todo saldr\u00e1 bien\u2026 es mucho m\u00e1s f\u00e1cil que la mayor\u00eda de las cosas salgan bien.<\/p>\n<h6 style=\"text-align: left;\"><span style=\"color: #7a5c99;\">c\u00f3mo conseguir que tus sue\u00f1os se cumplan<\/span><\/h6>\n<p><img loading=\"lazy\" decoding=\"async\" class=\"aligncenter wp-image-2088 size-medium\" title=\"Icono de Freepik\" src=\"https:\/\/alashipnosis.es\/wp\/wp-content\/uploads\/2024\/03\/magic-lamp_4230635-e1710494018294-300x300.png\" alt=\"\" width=\"300\" height=\"300\" srcset=\"https:\/\/alashipnosis.es\/wp\/wp-content\/uploads\/2024\/03\/magic-lamp_4230635-e1710494018294-300x300.png 300w, https:\/\/alashipnosis.es\/wp\/wp-content\/uploads\/2024\/03\/magic-lamp_4230635-e1710494018294-150x150.png 150w, https:\/\/alashipnosis.es\/wp\/wp-content\/uploads\/2024\/03\/magic-lamp_4230635-e1710494018294-90x90.png 90w, https:\/\/alashipnosis.es\/wp\/wp-content\/uploads\/2024\/03\/magic-lamp_4230635-e1710494018294-380x380.png 380w, https:\/\/alashipnosis.es\/wp\/wp-content\/uploads\/2024\/03\/magic-lamp_4230635-e1710494018294.png 512w\" sizes=\"auto, (max-width: 300px) 100vw, 300px\" \/><\/p>\n<p style=\"text-align: justify;\">Lograr que tus sue\u00f1os se hagan realidad, lograr la <strong>MANIFESTACI\u00d3N CONSCIENTE<\/strong> depende, principalmente, de los siguientes factores:<\/p>\n<ul>\n<li style=\"list-style-type: none; text-align: justify;\">\n<ul>\n<li>Tus <strong>pensamientos conscientes<\/strong><\/li>\n<li>Tu <strong>mente subconsciente<\/strong>: es esa parte que funciona en modo autom\u00e1tico en la que se almacenan todas las vivencias, el repositorio de la personalidad, quien toma las principales decisiones, la que emite <strong>emociones y pensamientos a nivel subconsciente<\/strong>.<\/li>\n<li>Tu <strong>energ\u00eda personal<\/strong>: depende de tus cuerpos sutiles, de tus almacenes energ\u00e9ticos y de tus chakras.<\/li>\n<\/ul>\n<p style=\"text-align: justify;\">Si uno de los tres pilares est\u00e1 desequilibrado, los sue\u00f1os ser\u00e1n humo.<\/p>\n<p style=\"text-align: justify;\">Por lo tanto, hemos de trabajar los tres para materializar conscientemente nuestra realidad.<\/p>\n<h6 style=\"text-align: left;\"><span style=\"color: #7a5c99;\">manifiesta la vida que deseas<\/span><\/h6>\n<p style=\"text-align: justify;\">Si quieres manifestar tus sue\u00f1os, puedo ayudarte en el proceso:<\/p>\n<ul>\n<li style=\"list-style-type: none; text-align: justify;\">\n<ul>\n<li>Con <strong>Hipnosis<\/strong> para generar a nivel subconsciente las emociones y pensamientos adecuados<\/li>\n<li>Con<strong> Sanaci\u00f3n Energ\u00e9tica<\/strong> para equilibrar tus cuerpos sutiles y chakras<\/li>\n<li>Con <strong>Entrenamiento Energ\u00e9tico<\/strong> para obtener la energ\u00eda necesaria.<\/li>\n<\/ul>\n<h6 style=\"text-align: center;\"><a href=\"https:\/\/alashipnosis.es\/wp\/contacto\/?customize_changeset_uuid=fe4cfdbc-37be-41c3-9076-bcd220748845&amp;customize_messenger_channel=preview-0\"><span style=\"color: #7a5c99;\">consulta aqu\u00ed<\/span><\/a><\/h6>\n<\/li>\n<\/ul>\n<\/li>\n<\/ul>\n","protected":false},"excerpt":{"rendered":"<p>qu\u00e9 es la manifestaci\u00f3n consciente \u00bfAlguna vez has deseado algo con todas tus fuerzas y se ha cumplido? \u00bfTe has preguntado por qu\u00e9 no se materializan tus sue\u00f1os? \u00bfQuieres saber por qu\u00e9 todas las desgracias vienen juntas? Si has o\u00eddo hablar de la MANIFESTACI\u00d3N CONSCIENTE pero no tienes muy claro qu\u00e9 significa, te lo cuento &hellip; <a href=\"https:\/\/alashipnosis.es\/wp\/manifestacion-consciente\/\" class=\"more-link\">Seguir leyendo <span class=\"screen-reader-text\">Manifestaci\u00f3n Consciente<\/span><\/a><\/p>\n","protected":false},"author":1,"featured_media":0,"parent":0,"menu_order":0,"comment_status":"closed","ping_status":"closed","template":"page-templates\/full-width-page.php","meta":{"footnotes":""},"class_list":["post-1968","page","type-page","status-publish","hentry","without-featured-image"],"jetpack_shortlink":"https:\/\/wp.me\/P7s9Sv-vK","jetpack_sharing_enabled":true,"_links":{"self":[{"href":"https:\/\/alashipnosis.es\/wp\/wp-json\/wp\/v2\/pages\/1968","targetHints":{"allow":["GET"]}}],"collection":[{"href":"https:\/\/alashipnosis.es\/wp\/wp-json\/wp\/v2\/pages"}],"about":[{"href":"https:\/\/alashipnosis.es\/wp\/wp-json\/wp\/v2\/types\/page"}],"author":[{"embeddable":true,"href":"https:\/\/alashipnosis.es\/wp\/wp-json\/wp\/v2\/users\/1"}],"replies":[{"embeddable":true,"href":"https:\/\/alashipnosis.es\/wp\/wp-json\/wp\/v2\/comments?post=1968"}],"version-history":[{"count":24,"href":"https:\/\/alashipnosis.es\/wp\/wp-json\/wp\/v2\/pages\/1968\/revisions"}],"predecessor-version":[{"id":2089,"href":"https:\/\/alashipnosis.es\/wp\/wp-json\/wp\/v2\/pages\/1968\/revisions\/2089"}],"wp:attachment":[{"href":"https:\/\/alashipnosis.es\/wp\/wp-json\/wp\/v2\/media?parent=1968"}],"curies":[{"name":"wp","href":"https:\/\/api.w.org\/{rel}","templated":true}]}}